{"id":657,"date":"2018-09-13T09:36:29","date_gmt":"2018-09-13T08:36:29","guid":{"rendered":"http:\/\/asylkreis-oftersheim.de\/?page_id=657"},"modified":"2023-10-20T09:20:46","modified_gmt":"2023-10-20T08:20:46","slug":"datenschutz","status":"publish","type":"page","link":"http:\/\/asylkreis-oftersheim.de\/?page_id=657","title":{"rendered":"Datenschutz"},"content":{"rendered":"<p><strong>Datenschutzerkl\u00e4rung<\/strong><\/p>\n<ol>\n<li><strong>Verantwortlichen Stelle:<\/strong><br \/>\nAsylkreis Oftersheim<br \/>\nc\/o Heidi Joos<br \/>\nMannheimer Stra\u00dfe 49<br \/>\nD-68723 Oftersheim<br \/>\nE-Mail: heidi_joos@gmx.de<\/li>\n<li><strong>Protokollierung:<br \/>\n<\/strong>Unser Webseiten-Provider (Strato AG) erhebt und speichert automatisch Informationen in so genannten Server-Log-Dateien:<br \/>\n&#8211; Browsertyp und Browserversion<br \/>\n&#8211; verwendetes Betriebssystem<br \/>\n&#8211; Referrer URL<br \/>\n&#8211; Hostname des zugreifenden Rechners<br \/>\n&#8211; Uhrzeit der Serveranfrage<br \/>\n&#8211; IP-AdresseDies geschieht zum Zweck, St\u00f6rungen und Angriffe zu erkennen und zu beheben bzw. abzuwehren. Die Logdatei wird nach 7 Tagen gel\u00f6scht.<\/li>\n<li><strong>Empf\u00e4nger von Daten: <\/strong>STRATO AG<br \/>\nPascalstr. 10<br \/>\nD-10587 Berlin<br \/>\nDeutschland<\/li>\n<li><strong>Ihre Rechte: <\/strong>Sie haben das Recht, von uns Auskunft \u00fcber die zu Ihrer Person gespeicherten Daten zu erhalten und\/oder unrichtig gespeicherte Daten berichtigen zu lassen.\n<p>Sie haben dar\u00fcber hinaus das Recht auf L\u00f6schung oder auf Einschr\u00e4nkung der Verarbeitung oder ein Widerspruchsrecht gegen die Verarbeitung.<\/p>\n<p>Bitte wenden Sie sich dazu an die oben genannte Person. Sie haben ebenfalls das Recht auf Beschwerde bei der Aufsichtsbeh\u00f6rde, wenn Sie der Ansicht sind, dass die Verarbeitung der Sie betreffenden personenbezogenen Daten gegen die Rechtvorschriften verst\u00f6\u00dft.<\/p>\n<p>Die zust\u00e4ndige Aufsichtsbeh\u00f6rde ist der Landesbeauftragte f\u00fcr den Datenschutz und die Informationsfreiheit Baden-W\u00fcrttemberg in Stuttgart.<\/li>\n<li><strong>Cookies <\/strong>Unsere Webseite verwendet Cookies. Dieser Cookie enth\u00e4lt eine zuf\u00e4llige ID, die eine eindeutige Identifizierung des Browsers beim erneuten Aufrufen dieser Webseite erm\u00f6glicht.\n<p>Einige Funktionen unserer Internetseite k\u00f6nnen ohne den Einsatz von Cookies nicht angeboten werden. F\u00fcr diese ist es erforderlich, dass der Browser auch nach einem Seitenwechsel wiedererkannt wird.<\/p>\n<p>Die durch technisch notwendige Cookies erhobenen Nutzerdaten werden nicht zur Erstellung von Nutzerprofilen verwendet.<\/p>\n<p>In diesen Zwecken liegt auch unser berechtigtes Interesse in der Verarbeitung der personenbezogenen Daten nach Art. 6 Abs. 1 lit. f DS-GVO. Die Rechtsgrundlage f\u00fcr die Verarbeitung personenbezogener Daten unter Verwendung von Cookies ist Art. 6 Abs. 1 lit. f DS-GVO.<\/li>\n<li><strong>Nutzung von Kontaktdaten dieser Webseite:<\/strong>Der Nutzung von im Rahmen der Impressumspflicht ver\u00f6ffentlichten Kontaktdaten zur \u00dcbersendung von nicht ausdr\u00fccklich angeforderter Werbung und Informationsmaterialien wird hiermit widersprochen. Die Betreiber der Seiten behalten sich ausdr\u00fccklich rechtliche Schritte im Falle der unverlangten Zusendung von Werbeinformationen, etwa durch Spam-E-Mails, vor.<\/li>\n<\/ol>\n","protected":false},"excerpt":{"rendered":"<p>Datenschutzerkl\u00e4rung Verantwortlichen Stelle: Asylkreis Oftersheim c\/o Heidi Joos Mannheimer Stra\u00dfe 49 D-68723 Oftersheim E-Mail: heidi_joos@gmx.de Protokollierung: Unser Webseiten-Provider (Strato AG) erhebt und speichert automatisch Informationen in so genannten Server-Log-Dateien: &#8211; Browsertyp und Browserversion &#8211; verwendetes Betriebssystem &#8211; Referrer URL &#8211; Hostname des zugreifenden Rechners &#8211; Uhrzeit der Serveranfrage &#8211; IP-AdresseDies geschieht zum Zweck, St\u00f6rungen und [&hellip;]<\/p>\n","protected":false},"author":1,"featured_media":0,"parent":0,"menu_order":0,"comment_status":"closed","ping_status":"closed","template":"","meta":{"footnotes":""},"class_list":["post-657","page","type-page","status-publish","hentry"],"_links":{"self":[{"href":"http:\/\/asylkreis-oftersheim.de\/index.php?rest_route=\/wp\/v2\/pages\/657","targetHints":{"allow":["GET"]}}],"collection":[{"href":"http:\/\/asylkreis-oftersheim.de\/index.php?rest_route=\/wp\/v2\/pages"}],"about":[{"href":"http:\/\/asylkreis-oftersheim.de\/index.php?rest_route=\/wp\/v2\/types\/page"}],"author":[{"embeddable":true,"href":"http:\/\/asylkreis-oftersheim.de\/index.php?rest_route=\/wp\/v2\/users\/1"}],"replies":[{"embeddable":true,"href":"http:\/\/asylkreis-oftersheim.de\/index.php?rest_route=%2Fwp%2Fv2%2Fcomments&post=657"}],"version-history":[{"count":4,"href":"http:\/\/asylkreis-oftersheim.de\/index.php?rest_route=\/wp\/v2\/pages\/657\/revisions"}],"predecessor-version":[{"id":1416,"href":"http:\/\/asylkreis-oftersheim.de\/index.php?rest_route=\/wp\/v2\/pages\/657\/revisions\/1416"}],"wp:attachment":[{"href":"http:\/\/asylkreis-oftersheim.de\/index.php?rest_route=%2Fwp%2Fv2%2Fmedia&parent=657"}],"curies":[{"name":"wp","href":"https:\/\/api.w.org\/{rel}","templated":true}]}}