{"id":186,"date":"2016-07-27T06:54:04","date_gmt":"2016-07-27T05:54:04","guid":{"rendered":"http:\/\/asylkreis-oftersheim.de\/?page_id=186"},"modified":"2023-10-20T09:21:26","modified_gmt":"2023-10-20T08:21:26","slug":"material","status":"publish","type":"page","link":"http:\/\/asylkreis-oftersheim.de\/?page_id=186","title":{"rendered":"Informationen, Links und Kontakte"},"content":{"rendered":"\n<h4 class=\"wp-block-heading\">Auf den folgenden Seiten finden Sie Informationen, Materialien und n\u00fctzliche Links f\u00fcr die Arbeit mit Gefl\u00fcchteten:<\/h4>\n\n\n\n<ul class=\"wp-block-list\"><li><a href=\"http:\/\/www.asyl-ak-schwetzingen.de\/nuetzliche-links.html\">Asylkreis Schwetzingen<\/a><\/li><li><a href=\"http:\/\/www.rhein-neckar-kreis.de\/,Lde\/start\/landratsamt\/integrationsportal.html\">Integrationsportal des Rhein-Neckar-Kreises<\/a><\/li><li><a href=\"https:\/\/fo-ehrenamt.rhein-neckar-kreis.de\/\">Fortbildungsdatenbank f\u00fcr Ehrenamtliche im Rhein-Neckar-Kreis<\/a><\/li><li><a href=\"http:\/\/w2bw.de\/\">Welcome 2 BW &#8211; Onlineportal f\u00fcr Gefl\u00fcchtete<\/a><\/li><li><a href=\"http:\/\/fluechtlingshelfer.info\/fuer-engagierte\/\">Informationen f\u00fcr Fl\u00fcchtlingshelferinnen und -helfer\u00a0<\/a><\/li><li><a href=\"https:\/\/www.anwalt.org\/asylrecht-migrationsrecht\/\">Asylrecht, Ausl\u00e4nderrecht, Migrationsrecht<\/a><\/li><li><a href=\"http:\/\/www.bamf.de\/DE\/Fluechtlingsschutz\/fluechtlingsschutz-node.html\">Informationen des BAMF<br><\/a><\/li><li><a href=\"https:\/\/www.sturado.de\/ratgeber-fuer-fluechtlinge-ausbildung-studium-finanzieren\/\">Finanzierungsm\u00f6glichkeiten Ausbildung und Studium<\/a><\/li><li><a href=\"https:\/\/www.xn--jobbrse-stellenangebote-blc.de\/refugees\/\">Jobb\u00f6rse f\u00fcr Gefl\u00fcchtete<\/a><\/li><\/ul>\n\n\n\n<hr class=\"wp-block-separator\"\/>\n\n\n\n<h3 class=\"wp-block-heading\">Informationsblatt des Asylkreis Oftersheim<\/h3>\n\n\n\n<p><a href=\"http:\/\/asylkreis-oftersheim.de\/wp-content\/uploads\/2016\/07\/Informationsblatt-Asylkreis-Oftersheim-Ausgabe-1-2017-07.pdf\">Informationsblatt Asylkreis Oftersheim &#8211; Ausgabe 1 2017-07<\/a><br><a href=\"http:\/\/asylkreis-oftersheim.de\/wp-content\/uploads\/2016\/07\/Internetversion.pdf\">Informationsblatt Asylkreis Oftersheim &#8211; Ausgabe 2 2017-11<\/a><br><a href=\"http:\/\/asylkreis-oftersheim.de\/wp-content\/uploads\/2016\/07\/Ausgabe-3-Internetversion-1.pdf\">Informationsblatt Asylkreis Oftersheim &#8211; Ausgabe 3 2018-04<\/a><br><a href=\"http:\/\/asylkreis-oftersheim.de\/wp-content\/uploads\/2016\/07\/Informationsblatt-Internetversion-2018-07-1.pdf\">Informationsblatt Asylkreis Oftersheim &#8211; Ausgabe 4 2018-07<\/a><br><a href=\"http:\/\/asylkreis-oftersheim.de\/wp-content\/uploads\/2019\/02\/Sonderausgabe-Winter.pdf\">Sonderausgabe Heizung, Warmwasser, Nebenkosten &#8211; 2019-02<\/a><br><a href=\"http:\/\/asylkreis-oftersheim.de\/wp-content\/uploads\/2019\/10\/Ausgabe-5-Internet.pdf\">Informationsblatt Asylkreis Oftersheim &#8211; Ausgabe 5 2019-10<\/a><\/p>\n\n\n\n<hr class=\"wp-block-separator\"\/>\n\n\n\n<h3 class=\"wp-block-heading\">Kontakte<\/h3>\n\n\n\n<h4 class=\"wp-block-heading\"><strong>Integrationsb\u00fcro der Gemeinde Oftersheim<br><\/strong><\/h4>\n\n\n\n<p>B\u00fcrgermeisteramt Oftersheim<br>Mannheimer Str. 49<br>68723 Oftersheim<br>E-Mail: <a href=\"mailto:integration@oftersheim.de\">integration@oftersheim.de<\/a> <br>Internet:&nbsp;<a href=\"https:\/\/www.oftersheim.de\/rathaus\/buergerservice\/integrationsbuero\/\">www.oftersheim.de<\/a><\/p>\n\n\n\n<h4 class=\"wp-block-heading\">&nbsp;<\/h4>\n\n\n\n<h4 class=\"wp-block-heading\"><strong>Migrationsberatungsstellen<\/strong><\/h4>\n\n\n\n<ul class=\"wp-block-list\"><li><a href=\"http:\/\/www.caritas-rhein-neckar.de\/2.1\/dienste.html\">Migrationsberatung f\u00fcr Erwachsene der Caritas<\/a><\/li><li><a href=\"http:\/\/dwrn.eki-musterhausen.de\/html\/content\/migrationsberatung_mbe_kirchliche_fachberatungsstelle.html?t=607932f36dada103a0ed287a4db99663&amp;tto=685d0c42&amp;&amp;\">Migrationsberatung f\u00fcr Erwachsene und Fachberatungsstelle Fl\u00fcchtlinge der Diakonie<\/a><\/li><li><a style=\"line-height: inherit;\" href=\"https:\/\/www.jugendmigrationsdienste.de\/jmd\/mannheim\/\">Jugendmigrationsdienst des IB<\/a><\/li><\/ul>\n","protected":false},"excerpt":{"rendered":"<p>Auf den folgenden Seiten finden Sie Informationen, Materialien und n\u00fctzliche Links f\u00fcr die Arbeit mit Gefl\u00fcchteten: Asylkreis Schwetzingen Integrationsportal des Rhein-Neckar-Kreises Fortbildungsdatenbank f\u00fcr Ehrenamtliche im Rhein-Neckar-Kreis Welcome 2 BW &#8211; Onlineportal f\u00fcr Gefl\u00fcchtete Informationen f\u00fcr Fl\u00fcchtlingshelferinnen und -helfer\u00a0 Asylrecht, Ausl\u00e4nderrecht, Migrationsrecht Informationen des BAMF Finanzierungsm\u00f6glichkeiten Ausbildung und Studium Jobb\u00f6rse f\u00fcr Gefl\u00fcchtete Informationsblatt des Asylkreis Oftersheim [&hellip;]<\/p>\n","protected":false},"author":1,"featured_media":0,"parent":0,"menu_order":0,"comment_status":"closed","ping_status":"closed","template":"","meta":{"footnotes":""},"class_list":["post-186","page","type-page","status-publish","hentry"],"_links":{"self":[{"href":"http:\/\/asylkreis-oftersheim.de\/index.php?rest_route=\/wp\/v2\/pages\/186","targetHints":{"allow":["GET"]}}],"collection":[{"href":"http:\/\/asylkreis-oftersheim.de\/index.php?rest_route=\/wp\/v2\/pages"}],"about":[{"href":"http:\/\/asylkreis-oftersheim.de\/index.php?rest_route=\/wp\/v2\/types\/page"}],"author":[{"embeddable":true,"href":"http:\/\/asylkreis-oftersheim.de\/index.php?rest_route=\/wp\/v2\/users\/1"}],"replies":[{"embeddable":true,"href":"http:\/\/asylkreis-oftersheim.de\/index.php?rest_route=%2Fwp%2Fv2%2Fcomments&post=186"}],"version-history":[{"count":52,"href":"http:\/\/asylkreis-oftersheim.de\/index.php?rest_route=\/wp\/v2\/pages\/186\/revisions"}],"predecessor-version":[{"id":1417,"href":"http:\/\/asylkreis-oftersheim.de\/index.php?rest_route=\/wp\/v2\/pages\/186\/revisions\/1417"}],"wp:attachment":[{"href":"http:\/\/asylkreis-oftersheim.de\/index.php?rest_route=%2Fwp%2Fv2%2Fmedia&parent=186"}],"curies":[{"name":"wp","href":"https:\/\/api.w.org\/{rel}","templated":true}]}}